{"id":1469,"date":"2024-03-08T10:51:40","date_gmt":"2024-03-08T09:51:40","guid":{"rendered":"https:\/\/www.sylvieverdi-communication.fr\/boutique\/?post_type=product&#038;p=1469"},"modified":"2025-01-23T14:04:16","modified_gmt":"2025-01-23T13:04:16","slug":"coaching-wordpress-woocommerce","status":"publish","type":"product","link":"https:\/\/www.sylvieverdi-communication.fr\/boutique\/services\/coaching-wordpress-woocommerce\/","title":{"rendered":"Coaching WordPress"},"content":{"rendered":"<p>Le <strong>Coaching WordPress \/ WooCommerce<\/strong> r\u00e9pond \u00e0 vos questions WordPress et WooCommerce sur les sujets de la technique, de l&#8217;utilisation, du marketing, du r\u00e9f\u00e9rencement, de la s\u00e9curit\u00e9, des sauvegardes, des moyens de paiement, etc. D\u00e9butant ou utilisateur confirm\u00e9, le Coaching WordPress permet de vous accompagner pour des besoins ponctuels ou r\u00e9guliers ou intervenir ponctuellement sur votre site&#8230;<br \/>\n<p>En savoir plus ? Pour consulter ce contenu, merci de vous <a href=\"https:\/\/www.sylvieverdi-communication.fr\/boutique\/registration\/\">enregistrer<\/a> et recevez <strong>gratuitement<\/strong> le <em>\u00ab Guide de l'achat d'un site Web \u00bb<\/em>.<\/p><\/p>\n","protected":false},"excerpt":{"rendered":"<p>Le <strong>Coaching WordPress<\/strong> r\u00e9pond \u00e0 vos questions. <\/br><strong>D\u00e9butant<\/strong> ou <strong>utilisateur confirm\u00e9 <\/strong>de WordPress, le Coaching WordPress <strong>r\u00e9pond \u00e0 votre demande d\u2019aide<\/strong> sur <strong>vos probl\u00e8mes sp\u00e9cifiques<\/strong> ponctuels. Sylvie Verdi, <strong>Webmaster exp\u00e9riment\u00e9e<\/strong>, vous conseille et vous aide pour la cr\u00e9ation et la gestion de votre site WordPress \/ WooCommerce.<\/br><br \/>\n[membre]\ud83d\udc49 Commandez et r\u00e9glez vos <strong>sessions<\/strong> ou <strong>interventions<\/strong> et pr\u00e9cisez les sujets de votre Coaching. Nous planifions notre RDV t\u00e9l\u00e9phonique ou l&#8217;intervention rapidement.[\/membre]<\/p>\n","protected":false},"featured_media":1478,"template":"","meta":{"_kadence_starter_templates_imported_post":true,"_kad_post_transparent":"default","_kad_post_title":"","_kad_post_layout":"default","_kad_post_sidebar_id":"","_kad_post_content_style":"default","_kad_post_vertical_padding":"default","_kad_post_feature":"","_kad_post_feature_position":"","_kad_post_header":false,"_kad_post_footer":false,"_kad_post_classname":""},"product_brand":[],"product_cat":[32],"product_tag":[],"class_list":{"0":"post-1469","1":"product","2":"type-product","3":"status-publish","4":"has-post-thumbnail","6":"product_cat-technique","7":"wcpa_has_options","9":"first","10":"instock","11":"shipping-taxable","12":"purchasable","13":"product-type-variable","14":"has-default-attributes","15":"entry","16":"content-bg","17":"loop-entry"},"yoast_head":"<!-- This site is optimized with the Yoast SEO plugin v27.2 - https:\/\/yoast.com\/product\/yoast-seo-wordpress\/ -->\n<title>Coaching WordPress - Boutique Verdi Communication<\/title>\n<meta name=\"description\" content=\"Le Coaching WordPress \/ WooCommerce r\u00e9pond \u00e0 vos questions : technique, utilisation, marketing, r\u00e9f\u00e9rencement, s\u00e9curit\u00e9, sauvegardes, moyens de paiement...\" \/>\n<meta name=\"robots\" content=\"index, follow, max-snippet:-1, max-image-preview:large, max-video-preview:-1\" \/>\n<link rel=\"canonical\" href=\"https:\/\/www.sylvieverdi-communication.fr\/boutique\/services\/coaching-wordpress-woocommerce\/\" \/>\n<meta property=\"og:locale\" content=\"fr_FR\" \/>\n<meta property=\"og:type\" content=\"article\" \/>\n<meta property=\"og:title\" content=\"Coaching WordPress - Boutique Verdi Communication\" \/>\n<meta property=\"og:description\" content=\"Le Coaching WordPress \/ WooCommerce r\u00e9pond \u00e0 vos questions : technique, utilisation, marketing, r\u00e9f\u00e9rencement, s\u00e9curit\u00e9, sauvegardes, moyens de paiement...\" \/>\n<meta property=\"og:url\" content=\"https:\/\/www.sylvieverdi-communication.fr\/boutique\/services\/coaching-wordpress-woocommerce\/\" \/>\n<meta property=\"og:site_name\" content=\"Boutique Verdi Communication\" \/>\n<meta property=\"article:publisher\" content=\"https:\/\/www.facebook.com\/sylvieverdicommunication\" \/>\n<meta property=\"article:modified_time\" content=\"2025-01-23T13:04:16+00:00\" \/>\n<meta property=\"og:image\" content=\"https:\/\/www.sylvieverdi-communication.fr\/boutique\/wp-content\/uploads\/2024\/03\/coaching-wordpress-woocommerce.jpg\" \/>\n\t<meta property=\"og:image:width\" content=\"529\" \/>\n\t<meta property=\"og:image:height\" content=\"800\" \/>\n\t<meta property=\"og:image:type\" content=\"image\/jpeg\" \/>\n<meta name=\"twitter:card\" content=\"summary_large_image\" \/>\n<meta name=\"twitter:site\" content=\"@Sylvie_Verdi\" \/>\n<meta name=\"twitter:label1\" content=\"Dur\u00e9e de lecture estim\u00e9e\" \/>\n\t<meta name=\"twitter:data1\" content=\"1 minute\" \/>\n<script type=\"application\/ld+json\" class=\"yoast-schema-graph\">{\"@context\":\"https:\/\/schema.org\",\"@graph\":[{\"@type\":\"WebPage\",\"@id\":\"https:\/\/www.sylvieverdi-communication.fr\/boutique\/services\/coaching-wordpress-woocommerce\/\",\"url\":\"https:\/\/www.sylvieverdi-communication.fr\/boutique\/services\/coaching-wordpress-woocommerce\/\",\"name\":\"Coaching WordPress - Boutique Verdi Communication\",\"isPartOf\":{\"@id\":\"https:\/\/www.sylvieverdi-communication.fr\/boutique\/#website\"},\"primaryImageOfPage\":{\"@id\":\"https:\/\/www.sylvieverdi-communication.fr\/boutique\/services\/coaching-wordpress-woocommerce\/#primaryimage\"},\"image\":{\"@id\":\"https:\/\/www.sylvieverdi-communication.fr\/boutique\/services\/coaching-wordpress-woocommerce\/#primaryimage\"},\"thumbnailUrl\":\"https:\/\/www.sylvieverdi-communication.fr\/boutique\/wp-content\/uploads\/2024\/03\/coaching-wordpress-woocommerce.jpg\",\"datePublished\":\"2024-03-08T09:51:40+00:00\",\"dateModified\":\"2025-01-23T13:04:16+00:00\",\"description\":\"Le Coaching WordPress \/ WooCommerce r\u00e9pond \u00e0 vos questions : technique, utilisation, marketing, r\u00e9f\u00e9rencement, s\u00e9curit\u00e9, sauvegardes, moyens de paiement...\",\"breadcrumb\":{\"@id\":\"https:\/\/www.sylvieverdi-communication.fr\/boutique\/services\/coaching-wordpress-woocommerce\/#breadcrumb\"},\"inLanguage\":\"fr-FR\",\"potentialAction\":[{\"@type\":\"ReadAction\",\"target\":[\"https:\/\/www.sylvieverdi-communication.fr\/boutique\/services\/coaching-wordpress-woocommerce\/\"]}]},{\"@type\":\"ImageObject\",\"inLanguage\":\"fr-FR\",\"@id\":\"https:\/\/www.sylvieverdi-communication.fr\/boutique\/services\/coaching-wordpress-woocommerce\/#primaryimage\",\"url\":\"https:\/\/www.sylvieverdi-communication.fr\/boutique\/wp-content\/uploads\/2024\/03\/coaching-wordpress-woocommerce.jpg\",\"contentUrl\":\"https:\/\/www.sylvieverdi-communication.fr\/boutique\/wp-content\/uploads\/2024\/03\/coaching-wordpress-woocommerce.jpg\",\"width\":529,\"height\":800,\"caption\":\"coaching-wordpress-woocommerce\"},{\"@type\":\"BreadcrumbList\",\"@id\":\"https:\/\/www.sylvieverdi-communication.fr\/boutique\/services\/coaching-wordpress-woocommerce\/#breadcrumb\",\"itemListElement\":[{\"@type\":\"ListItem\",\"position\":1,\"name\":\"Accueil\",\"item\":\"https:\/\/www.sylvieverdi-communication.fr\/boutique\/\"},{\"@type\":\"ListItem\",\"position\":2,\"name\":\"La Boutique Services\",\"item\":\"https:\/\/www.sylvieverdi-communication.fr\/boutique\/\"},{\"@type\":\"ListItem\",\"position\":3,\"name\":\"Coaching WordPress\"}]},{\"@type\":\"WebSite\",\"@id\":\"https:\/\/www.sylvieverdi-communication.fr\/boutique\/#website\",\"url\":\"https:\/\/www.sylvieverdi-communication.fr\/boutique\/\",\"name\":\"Boutique Verdi Communication\",\"description\":\"Services Web 100% humains\",\"publisher\":{\"@id\":\"https:\/\/www.sylvieverdi-communication.fr\/boutique\/#organization\"},\"potentialAction\":[{\"@type\":\"SearchAction\",\"target\":{\"@type\":\"EntryPoint\",\"urlTemplate\":\"https:\/\/www.sylvieverdi-communication.fr\/boutique\/?s={search_term_string}\"},\"query-input\":{\"@type\":\"PropertyValueSpecification\",\"valueRequired\":true,\"valueName\":\"search_term_string\"}}],\"inLanguage\":\"fr-FR\"},{\"@type\":\"Organization\",\"@id\":\"https:\/\/www.sylvieverdi-communication.fr\/boutique\/#organization\",\"name\":\"Boutique Services Verdi Communication\",\"url\":\"https:\/\/www.sylvieverdi-communication.fr\/boutique\/\",\"logo\":{\"@type\":\"ImageObject\",\"inLanguage\":\"fr-FR\",\"@id\":\"https:\/\/www.sylvieverdi-communication.fr\/boutique\/#\/schema\/logo\/image\/\",\"url\":\"https:\/\/www.sylvieverdi-communication.fr\/boutique\/wp-content\/uploads\/2024\/02\/Logo-verdi-communication-noir-2.png\",\"contentUrl\":\"https:\/\/www.sylvieverdi-communication.fr\/boutique\/wp-content\/uploads\/2024\/02\/Logo-verdi-communication-noir-2.png\",\"width\":54,\"height\":60,\"caption\":\"Boutique Services Verdi Communication\"},\"image\":{\"@id\":\"https:\/\/www.sylvieverdi-communication.fr\/boutique\/#\/schema\/logo\/image\/\"},\"sameAs\":[\"https:\/\/www.facebook.com\/sylvieverdicommunication\",\"https:\/\/x.com\/Sylvie_Verdi\",\"https:\/\/www.linkedin.com\/in\/sylvieverdi\/\"]}]}<\/script>\n<!-- \/ Yoast SEO plugin. -->","yoast_head_json":{"title":"Coaching WordPress - Boutique Verdi Communication","description":"Le Coaching WordPress \/ WooCommerce r\u00e9pond \u00e0 vos questions : technique, utilisation, marketing, r\u00e9f\u00e9rencement, s\u00e9curit\u00e9, sauvegardes, moyens de paiement...","robots":{"index":"index","follow":"follow","max-snippet":"max-snippet:-1","max-image-preview":"max-image-preview:large","max-video-preview":"max-video-preview:-1"},"canonical":"https:\/\/www.sylvieverdi-communication.fr\/boutique\/services\/coaching-wordpress-woocommerce\/","og_locale":"fr_FR","og_type":"article","og_title":"Coaching WordPress - Boutique Verdi Communication","og_description":"Le Coaching WordPress \/ WooCommerce r\u00e9pond \u00e0 vos questions : technique, utilisation, marketing, r\u00e9f\u00e9rencement, s\u00e9curit\u00e9, sauvegardes, moyens de paiement...","og_url":"https:\/\/www.sylvieverdi-communication.fr\/boutique\/services\/coaching-wordpress-woocommerce\/","og_site_name":"Boutique Verdi Communication","article_publisher":"https:\/\/www.facebook.com\/sylvieverdicommunication","article_modified_time":"2025-01-23T13:04:16+00:00","og_image":[{"width":529,"height":800,"url":"https:\/\/www.sylvieverdi-communication.fr\/boutique\/wp-content\/uploads\/2024\/03\/coaching-wordpress-woocommerce.jpg","type":"image\/jpeg"}],"twitter_card":"summary_large_image","twitter_site":"@Sylvie_Verdi","twitter_misc":{"Dur\u00e9e de lecture estim\u00e9e":"1 minute"},"schema":{"@context":"https:\/\/schema.org","@graph":[{"@type":"WebPage","@id":"https:\/\/www.sylvieverdi-communication.fr\/boutique\/services\/coaching-wordpress-woocommerce\/","url":"https:\/\/www.sylvieverdi-communication.fr\/boutique\/services\/coaching-wordpress-woocommerce\/","name":"Coaching WordPress - Boutique Verdi Communication","isPartOf":{"@id":"https:\/\/www.sylvieverdi-communication.fr\/boutique\/#website"},"primaryImageOfPage":{"@id":"https:\/\/www.sylvieverdi-communication.fr\/boutique\/services\/coaching-wordpress-woocommerce\/#primaryimage"},"image":{"@id":"https:\/\/www.sylvieverdi-communication.fr\/boutique\/services\/coaching-wordpress-woocommerce\/#primaryimage"},"thumbnailUrl":"https:\/\/www.sylvieverdi-communication.fr\/boutique\/wp-content\/uploads\/2024\/03\/coaching-wordpress-woocommerce.jpg","datePublished":"2024-03-08T09:51:40+00:00","dateModified":"2025-01-23T13:04:16+00:00","description":"Le Coaching WordPress \/ WooCommerce r\u00e9pond \u00e0 vos questions : technique, utilisation, marketing, r\u00e9f\u00e9rencement, s\u00e9curit\u00e9, sauvegardes, moyens de paiement...","breadcrumb":{"@id":"https:\/\/www.sylvieverdi-communication.fr\/boutique\/services\/coaching-wordpress-woocommerce\/#breadcrumb"},"inLanguage":"fr-FR","potentialAction":[{"@type":"ReadAction","target":["https:\/\/www.sylvieverdi-communication.fr\/boutique\/services\/coaching-wordpress-woocommerce\/"]}]},{"@type":"ImageObject","inLanguage":"fr-FR","@id":"https:\/\/www.sylvieverdi-communication.fr\/boutique\/services\/coaching-wordpress-woocommerce\/#primaryimage","url":"https:\/\/www.sylvieverdi-communication.fr\/boutique\/wp-content\/uploads\/2024\/03\/coaching-wordpress-woocommerce.jpg","contentUrl":"https:\/\/www.sylvieverdi-communication.fr\/boutique\/wp-content\/uploads\/2024\/03\/coaching-wordpress-woocommerce.jpg","width":529,"height":800,"caption":"coaching-wordpress-woocommerce"},{"@type":"BreadcrumbList","@id":"https:\/\/www.sylvieverdi-communication.fr\/boutique\/services\/coaching-wordpress-woocommerce\/#breadcrumb","itemListElement":[{"@type":"ListItem","position":1,"name":"Accueil","item":"https:\/\/www.sylvieverdi-communication.fr\/boutique\/"},{"@type":"ListItem","position":2,"name":"La Boutique Services","item":"https:\/\/www.sylvieverdi-communication.fr\/boutique\/"},{"@type":"ListItem","position":3,"name":"Coaching WordPress"}]},{"@type":"WebSite","@id":"https:\/\/www.sylvieverdi-communication.fr\/boutique\/#website","url":"https:\/\/www.sylvieverdi-communication.fr\/boutique\/","name":"Boutique Verdi Communication","description":"Services Web 100% humains","publisher":{"@id":"https:\/\/www.sylvieverdi-communication.fr\/boutique\/#organization"},"potentialAction":[{"@type":"SearchAction","target":{"@type":"EntryPoint","urlTemplate":"https:\/\/www.sylvieverdi-communication.fr\/boutique\/?s={search_term_string}"},"query-input":{"@type":"PropertyValueSpecification","valueRequired":true,"valueName":"search_term_string"}}],"inLanguage":"fr-FR"},{"@type":"Organization","@id":"https:\/\/www.sylvieverdi-communication.fr\/boutique\/#organization","name":"Boutique Services Verdi Communication","url":"https:\/\/www.sylvieverdi-communication.fr\/boutique\/","logo":{"@type":"ImageObject","inLanguage":"fr-FR","@id":"https:\/\/www.sylvieverdi-communication.fr\/boutique\/#\/schema\/logo\/image\/","url":"https:\/\/www.sylvieverdi-communication.fr\/boutique\/wp-content\/uploads\/2024\/02\/Logo-verdi-communication-noir-2.png","contentUrl":"https:\/\/www.sylvieverdi-communication.fr\/boutique\/wp-content\/uploads\/2024\/02\/Logo-verdi-communication-noir-2.png","width":54,"height":60,"caption":"Boutique Services Verdi Communication"},"image":{"@id":"https:\/\/www.sylvieverdi-communication.fr\/boutique\/#\/schema\/logo\/image\/"},"sameAs":["https:\/\/www.facebook.com\/sylvieverdicommunication","https:\/\/x.com\/Sylvie_Verdi","https:\/\/www.linkedin.com\/in\/sylvieverdi\/"]}]}},"_links":{"self":[{"href":"https:\/\/www.sylvieverdi-communication.fr\/boutique\/wp-json\/wp\/v2\/product\/1469","targetHints":{"allow":["GET"]}}],"collection":[{"href":"https:\/\/www.sylvieverdi-communication.fr\/boutique\/wp-json\/wp\/v2\/product"}],"about":[{"href":"https:\/\/www.sylvieverdi-communication.fr\/boutique\/wp-json\/wp\/v2\/types\/product"}],"wp:featuredmedia":[{"embeddable":true,"href":"https:\/\/www.sylvieverdi-communication.fr\/boutique\/wp-json\/wp\/v2\/media\/1478"}],"wp:attachment":[{"href":"https:\/\/www.sylvieverdi-communication.fr\/boutique\/wp-json\/wp\/v2\/media?parent=1469"}],"wp:term":[{"taxonomy":"product_brand","embeddable":true,"href":"https:\/\/www.sylvieverdi-communication.fr\/boutique\/wp-json\/wp\/v2\/product_brand?post=1469"},{"taxonomy":"product_cat","embeddable":true,"href":"https:\/\/www.sylvieverdi-communication.fr\/boutique\/wp-json\/wp\/v2\/product_cat?post=1469"},{"taxonomy":"product_tag","embeddable":true,"href":"https:\/\/www.sylvieverdi-communication.fr\/boutique\/wp-json\/wp\/v2\/product_tag?post=1469"}],"curies":[{"name":"wp","href":"https:\/\/api.w.org\/{rel}","templated":true}]}}