{"id":1246,"date":"2024-02-29T14:01:07","date_gmt":"2024-02-29T13:01:07","guid":{"rendered":"https:\/\/www.sylvieverdi-communication.fr\/boutique\/?post_type=product&#038;p=1246"},"modified":"2024-04-10T14:29:49","modified_gmt":"2024-04-10T12:29:49","slug":"etudes-devis-site-internet","status":"publish","type":"product","link":"https:\/\/www.sylvieverdi-communication.fr\/boutique\/services\/etudes-devis-site-internet\/","title":{"rendered":"\u00c9tudes \/ Devis Site Internet"},"content":{"rendered":"<p>Faire un choix entre les diff\u00e9rentes <strong>\u00c9tudes \/ Devis d&#8217;un Site internet<\/strong> est une \u00e9tape complexe. Quel est le <strong>vrai prix<\/strong> d&#8217;un site internet ? Tout d\u00e9pend de votre <strong>cahier des charges<\/strong>, de vos besoins et de vos exigences. Vous allez d\u00e9penser <strong>plusieurs milliers d\u2019euros<\/strong> pour la cr\u00e9ation de votre site internet. Il s\u2019agit de faire le meilleur choix. La proposition du prestataire correspond-elle \u00e0 ma demande ? Votre demande est-elle suffisamment pr\u00e9cise ? L\u2019offre des prestataires est-elle r\u00e9ellement transparente ? Quels sont les <strong>co\u00fbts additionnels<\/strong>&nbsp;?&#8230;<\/p>\n<p>En savoir plus ? Pour consulter ce contenu, merci de vous <a href=\"https:\/\/www.sylvieverdi-communication.fr\/boutique\/registration\/\">enregistrer<\/a> et recevez <strong>gratuitement<\/strong> le <em>\u00ab Guide de l'achat d'un site Web \u00bb<\/em>.<\/p>\n","protected":false},"excerpt":{"rendered":"<p>Analyser les propositions des diff\u00e9rentes <strong>\u00c9tudes \/ Devis d&#8217;un Site internet<\/strong> est une \u00e9tape complexe. Quel est le <strong>vrai prix<\/strong> d&#8217;un site internet ? <strong>Avant de signer<\/strong>, faites \u00e9tudier les diff\u00e9rentes propositions par une professionnelle du web. Analyse et conseils pour votre <strong>choix<\/strong> du meilleur <strong>rapport qualit\u00e9 \/ prix<\/strong>.<\/br><\/p>\n[membre] Vous allez d\u00e9penser <strong>plusieurs milliers d&#8217;euros<\/strong> pour la cr\u00e9ation de votre site internet. Il s&#8217;agit de <strong>ne pas se tromper<\/strong>. Le service \u00ab&nbsp;\u00c9tudes \/ Devis Site Internet&nbsp;\u00bb  vous propose un <strong>conseil objectif<\/strong> pour prendre <strong>la meilleure d\u00e9cision<\/strong>. <\/br><br \/>\nTarif sur une base de 2 devis comparatifs. [\/membre]\n","protected":false},"featured_media":1479,"template":"","meta":{"_kadence_starter_templates_imported_post":true,"_kad_post_transparent":"default","_kad_post_title":"","_kad_post_layout":"default","_kad_post_sidebar_id":"","_kad_post_content_style":"default","_kad_post_vertical_padding":"default","_kad_post_feature":"","_kad_post_feature_position":"","_kad_post_header":false,"_kad_post_footer":false,"_kad_post_classname":""},"product_brand":[],"product_cat":[32],"product_tag":[],"class_list":{"0":"post-1246","1":"product","2":"type-product","3":"status-publish","4":"has-post-thumbnail","6":"product_cat-technique","8":"first","9":"instock","10":"sold-individually","11":"shipping-taxable","12":"purchasable","13":"product-type-variable","14":"entry","15":"content-bg","16":"loop-entry"},"yoast_head":"<!-- This site is optimized with the Yoast SEO plugin v27.2 - https:\/\/yoast.com\/product\/yoast-seo-wordpress\/ -->\n<title>\u00c9tudes \/ Devis Site Internet - Boutique Verdi Communication<\/title>\n<meta name=\"description\" content=\"\u00catre conseill\u00e9 pour faire le meilleur choix entre les diff\u00e9rentes \u00c9tudes \/ Devis d&#039;un Site internet. Conseil aux Achats, explications, comparaisons...\" \/>\n<meta name=\"robots\" content=\"index, follow, max-snippet:-1, max-image-preview:large, max-video-preview:-1\" \/>\n<link rel=\"canonical\" href=\"https:\/\/www.sylvieverdi-communication.fr\/boutique\/services\/etudes-devis-site-internet\/\" \/>\n<meta property=\"og:locale\" content=\"fr_FR\" \/>\n<meta property=\"og:type\" content=\"article\" \/>\n<meta property=\"og:title\" content=\"\u00c9tudes \/ Devis Site Internet - Boutique Verdi Communication\" \/>\n<meta property=\"og:description\" content=\"\u00catre conseill\u00e9 pour faire le meilleur choix entre les diff\u00e9rentes \u00c9tudes \/ Devis d&#039;un Site internet. Conseil aux Achats, explications, comparaisons...\" \/>\n<meta property=\"og:url\" content=\"https:\/\/www.sylvieverdi-communication.fr\/boutique\/services\/etudes-devis-site-internet\/\" \/>\n<meta property=\"og:site_name\" content=\"Boutique Verdi Communication\" \/>\n<meta property=\"article:publisher\" content=\"https:\/\/www.facebook.com\/sylvieverdicommunication\" \/>\n<meta property=\"article:modified_time\" content=\"2024-04-10T12:29:49+00:00\" \/>\n<meta property=\"og:image\" content=\"https:\/\/www.sylvieverdi-communication.fr\/boutique\/wp-content\/uploads\/2024\/03\/etude-devis-site-internet.jpg\" \/>\n\t<meta property=\"og:image:width\" content=\"529\" \/>\n\t<meta property=\"og:image:height\" content=\"800\" \/>\n\t<meta property=\"og:image:type\" content=\"image\/jpeg\" \/>\n<meta name=\"twitter:card\" content=\"summary_large_image\" \/>\n<meta name=\"twitter:site\" content=\"@Sylvie_Verdi\" \/>\n<meta name=\"twitter:label1\" content=\"Dur\u00e9e de lecture estim\u00e9e\" \/>\n\t<meta name=\"twitter:data1\" content=\"2 minutes\" \/>\n<script type=\"application\/ld+json\" class=\"yoast-schema-graph\">{\"@context\":\"https:\/\/schema.org\",\"@graph\":[{\"@type\":\"WebPage\",\"@id\":\"https:\/\/www.sylvieverdi-communication.fr\/boutique\/services\/etudes-devis-site-internet\/\",\"url\":\"https:\/\/www.sylvieverdi-communication.fr\/boutique\/services\/etudes-devis-site-internet\/\",\"name\":\"\u00c9tudes \/ Devis Site Internet - Boutique Verdi Communication\",\"isPartOf\":{\"@id\":\"https:\/\/www.sylvieverdi-communication.fr\/boutique\/#website\"},\"primaryImageOfPage\":{\"@id\":\"https:\/\/www.sylvieverdi-communication.fr\/boutique\/services\/etudes-devis-site-internet\/#primaryimage\"},\"image\":{\"@id\":\"https:\/\/www.sylvieverdi-communication.fr\/boutique\/services\/etudes-devis-site-internet\/#primaryimage\"},\"thumbnailUrl\":\"https:\/\/www.sylvieverdi-communication.fr\/boutique\/wp-content\/uploads\/2024\/03\/etude-devis-site-internet.jpg\",\"datePublished\":\"2024-02-29T13:01:07+00:00\",\"dateModified\":\"2024-04-10T12:29:49+00:00\",\"description\":\"\u00catre conseill\u00e9 pour faire le meilleur choix entre les diff\u00e9rentes \u00c9tudes \/ Devis d'un Site internet. Conseil aux Achats, explications, comparaisons...\",\"breadcrumb\":{\"@id\":\"https:\/\/www.sylvieverdi-communication.fr\/boutique\/services\/etudes-devis-site-internet\/#breadcrumb\"},\"inLanguage\":\"fr-FR\",\"potentialAction\":[{\"@type\":\"ReadAction\",\"target\":[\"https:\/\/www.sylvieverdi-communication.fr\/boutique\/services\/etudes-devis-site-internet\/\"]}]},{\"@type\":\"ImageObject\",\"inLanguage\":\"fr-FR\",\"@id\":\"https:\/\/www.sylvieverdi-communication.fr\/boutique\/services\/etudes-devis-site-internet\/#primaryimage\",\"url\":\"https:\/\/www.sylvieverdi-communication.fr\/boutique\/wp-content\/uploads\/2024\/03\/etude-devis-site-internet.jpg\",\"contentUrl\":\"https:\/\/www.sylvieverdi-communication.fr\/boutique\/wp-content\/uploads\/2024\/03\/etude-devis-site-internet.jpg\",\"width\":529,\"height\":800,\"caption\":\"etude-devis-site-internet\"},{\"@type\":\"BreadcrumbList\",\"@id\":\"https:\/\/www.sylvieverdi-communication.fr\/boutique\/services\/etudes-devis-site-internet\/#breadcrumb\",\"itemListElement\":[{\"@type\":\"ListItem\",\"position\":1,\"name\":\"Accueil\",\"item\":\"https:\/\/www.sylvieverdi-communication.fr\/boutique\/\"},{\"@type\":\"ListItem\",\"position\":2,\"name\":\"La Boutique Services\",\"item\":\"https:\/\/www.sylvieverdi-communication.fr\/boutique\/\"},{\"@type\":\"ListItem\",\"position\":3,\"name\":\"\u00c9tudes \/ Devis Site Internet\"}]},{\"@type\":\"WebSite\",\"@id\":\"https:\/\/www.sylvieverdi-communication.fr\/boutique\/#website\",\"url\":\"https:\/\/www.sylvieverdi-communication.fr\/boutique\/\",\"name\":\"Boutique Verdi Communication\",\"description\":\"Services Web 100% humains\",\"publisher\":{\"@id\":\"https:\/\/www.sylvieverdi-communication.fr\/boutique\/#organization\"},\"potentialAction\":[{\"@type\":\"SearchAction\",\"target\":{\"@type\":\"EntryPoint\",\"urlTemplate\":\"https:\/\/www.sylvieverdi-communication.fr\/boutique\/?s={search_term_string}\"},\"query-input\":{\"@type\":\"PropertyValueSpecification\",\"valueRequired\":true,\"valueName\":\"search_term_string\"}}],\"inLanguage\":\"fr-FR\"},{\"@type\":\"Organization\",\"@id\":\"https:\/\/www.sylvieverdi-communication.fr\/boutique\/#organization\",\"name\":\"Boutique Services Verdi Communication\",\"url\":\"https:\/\/www.sylvieverdi-communication.fr\/boutique\/\",\"logo\":{\"@type\":\"ImageObject\",\"inLanguage\":\"fr-FR\",\"@id\":\"https:\/\/www.sylvieverdi-communication.fr\/boutique\/#\/schema\/logo\/image\/\",\"url\":\"https:\/\/www.sylvieverdi-communication.fr\/boutique\/wp-content\/uploads\/2024\/02\/Logo-verdi-communication-noir-2.png\",\"contentUrl\":\"https:\/\/www.sylvieverdi-communication.fr\/boutique\/wp-content\/uploads\/2024\/02\/Logo-verdi-communication-noir-2.png\",\"width\":54,\"height\":60,\"caption\":\"Boutique Services Verdi Communication\"},\"image\":{\"@id\":\"https:\/\/www.sylvieverdi-communication.fr\/boutique\/#\/schema\/logo\/image\/\"},\"sameAs\":[\"https:\/\/www.facebook.com\/sylvieverdicommunication\",\"https:\/\/x.com\/Sylvie_Verdi\",\"https:\/\/www.linkedin.com\/in\/sylvieverdi\/\"]}]}<\/script>\n<!-- \/ Yoast SEO plugin. -->","yoast_head_json":{"title":"\u00c9tudes \/ Devis Site Internet - Boutique Verdi Communication","description":"\u00catre conseill\u00e9 pour faire le meilleur choix entre les diff\u00e9rentes \u00c9tudes \/ Devis d'un Site internet. Conseil aux Achats, explications, comparaisons...","robots":{"index":"index","follow":"follow","max-snippet":"max-snippet:-1","max-image-preview":"max-image-preview:large","max-video-preview":"max-video-preview:-1"},"canonical":"https:\/\/www.sylvieverdi-communication.fr\/boutique\/services\/etudes-devis-site-internet\/","og_locale":"fr_FR","og_type":"article","og_title":"\u00c9tudes \/ Devis Site Internet - Boutique Verdi Communication","og_description":"\u00catre conseill\u00e9 pour faire le meilleur choix entre les diff\u00e9rentes \u00c9tudes \/ Devis d'un Site internet. Conseil aux Achats, explications, comparaisons...","og_url":"https:\/\/www.sylvieverdi-communication.fr\/boutique\/services\/etudes-devis-site-internet\/","og_site_name":"Boutique Verdi Communication","article_publisher":"https:\/\/www.facebook.com\/sylvieverdicommunication","article_modified_time":"2024-04-10T12:29:49+00:00","og_image":[{"width":529,"height":800,"url":"https:\/\/www.sylvieverdi-communication.fr\/boutique\/wp-content\/uploads\/2024\/03\/etude-devis-site-internet.jpg","type":"image\/jpeg"}],"twitter_card":"summary_large_image","twitter_site":"@Sylvie_Verdi","twitter_misc":{"Dur\u00e9e de lecture estim\u00e9e":"2 minutes"},"schema":{"@context":"https:\/\/schema.org","@graph":[{"@type":"WebPage","@id":"https:\/\/www.sylvieverdi-communication.fr\/boutique\/services\/etudes-devis-site-internet\/","url":"https:\/\/www.sylvieverdi-communication.fr\/boutique\/services\/etudes-devis-site-internet\/","name":"\u00c9tudes \/ Devis Site Internet - Boutique Verdi Communication","isPartOf":{"@id":"https:\/\/www.sylvieverdi-communication.fr\/boutique\/#website"},"primaryImageOfPage":{"@id":"https:\/\/www.sylvieverdi-communication.fr\/boutique\/services\/etudes-devis-site-internet\/#primaryimage"},"image":{"@id":"https:\/\/www.sylvieverdi-communication.fr\/boutique\/services\/etudes-devis-site-internet\/#primaryimage"},"thumbnailUrl":"https:\/\/www.sylvieverdi-communication.fr\/boutique\/wp-content\/uploads\/2024\/03\/etude-devis-site-internet.jpg","datePublished":"2024-02-29T13:01:07+00:00","dateModified":"2024-04-10T12:29:49+00:00","description":"\u00catre conseill\u00e9 pour faire le meilleur choix entre les diff\u00e9rentes \u00c9tudes \/ Devis d'un Site internet. Conseil aux Achats, explications, comparaisons...","breadcrumb":{"@id":"https:\/\/www.sylvieverdi-communication.fr\/boutique\/services\/etudes-devis-site-internet\/#breadcrumb"},"inLanguage":"fr-FR","potentialAction":[{"@type":"ReadAction","target":["https:\/\/www.sylvieverdi-communication.fr\/boutique\/services\/etudes-devis-site-internet\/"]}]},{"@type":"ImageObject","inLanguage":"fr-FR","@id":"https:\/\/www.sylvieverdi-communication.fr\/boutique\/services\/etudes-devis-site-internet\/#primaryimage","url":"https:\/\/www.sylvieverdi-communication.fr\/boutique\/wp-content\/uploads\/2024\/03\/etude-devis-site-internet.jpg","contentUrl":"https:\/\/www.sylvieverdi-communication.fr\/boutique\/wp-content\/uploads\/2024\/03\/etude-devis-site-internet.jpg","width":529,"height":800,"caption":"etude-devis-site-internet"},{"@type":"BreadcrumbList","@id":"https:\/\/www.sylvieverdi-communication.fr\/boutique\/services\/etudes-devis-site-internet\/#breadcrumb","itemListElement":[{"@type":"ListItem","position":1,"name":"Accueil","item":"https:\/\/www.sylvieverdi-communication.fr\/boutique\/"},{"@type":"ListItem","position":2,"name":"La Boutique Services","item":"https:\/\/www.sylvieverdi-communication.fr\/boutique\/"},{"@type":"ListItem","position":3,"name":"\u00c9tudes \/ Devis Site Internet"}]},{"@type":"WebSite","@id":"https:\/\/www.sylvieverdi-communication.fr\/boutique\/#website","url":"https:\/\/www.sylvieverdi-communication.fr\/boutique\/","name":"Boutique Verdi Communication","description":"Services Web 100% humains","publisher":{"@id":"https:\/\/www.sylvieverdi-communication.fr\/boutique\/#organization"},"potentialAction":[{"@type":"SearchAction","target":{"@type":"EntryPoint","urlTemplate":"https:\/\/www.sylvieverdi-communication.fr\/boutique\/?s={search_term_string}"},"query-input":{"@type":"PropertyValueSpecification","valueRequired":true,"valueName":"search_term_string"}}],"inLanguage":"fr-FR"},{"@type":"Organization","@id":"https:\/\/www.sylvieverdi-communication.fr\/boutique\/#organization","name":"Boutique Services Verdi Communication","url":"https:\/\/www.sylvieverdi-communication.fr\/boutique\/","logo":{"@type":"ImageObject","inLanguage":"fr-FR","@id":"https:\/\/www.sylvieverdi-communication.fr\/boutique\/#\/schema\/logo\/image\/","url":"https:\/\/www.sylvieverdi-communication.fr\/boutique\/wp-content\/uploads\/2024\/02\/Logo-verdi-communication-noir-2.png","contentUrl":"https:\/\/www.sylvieverdi-communication.fr\/boutique\/wp-content\/uploads\/2024\/02\/Logo-verdi-communication-noir-2.png","width":54,"height":60,"caption":"Boutique Services Verdi Communication"},"image":{"@id":"https:\/\/www.sylvieverdi-communication.fr\/boutique\/#\/schema\/logo\/image\/"},"sameAs":["https:\/\/www.facebook.com\/sylvieverdicommunication","https:\/\/x.com\/Sylvie_Verdi","https:\/\/www.linkedin.com\/in\/sylvieverdi\/"]}]}},"_links":{"self":[{"href":"https:\/\/www.sylvieverdi-communication.fr\/boutique\/wp-json\/wp\/v2\/product\/1246","targetHints":{"allow":["GET"]}}],"collection":[{"href":"https:\/\/www.sylvieverdi-communication.fr\/boutique\/wp-json\/wp\/v2\/product"}],"about":[{"href":"https:\/\/www.sylvieverdi-communication.fr\/boutique\/wp-json\/wp\/v2\/types\/product"}],"wp:featuredmedia":[{"embeddable":true,"href":"https:\/\/www.sylvieverdi-communication.fr\/boutique\/wp-json\/wp\/v2\/media\/1479"}],"wp:attachment":[{"href":"https:\/\/www.sylvieverdi-communication.fr\/boutique\/wp-json\/wp\/v2\/media?parent=1246"}],"wp:term":[{"taxonomy":"product_brand","embeddable":true,"href":"https:\/\/www.sylvieverdi-communication.fr\/boutique\/wp-json\/wp\/v2\/product_brand?post=1246"},{"taxonomy":"product_cat","embeddable":true,"href":"https:\/\/www.sylvieverdi-communication.fr\/boutique\/wp-json\/wp\/v2\/product_cat?post=1246"},{"taxonomy":"product_tag","embeddable":true,"href":"https:\/\/www.sylvieverdi-communication.fr\/boutique\/wp-json\/wp\/v2\/product_tag?post=1246"}],"curies":[{"name":"wp","href":"https:\/\/api.w.org\/{rel}","templated":true}]}}