{"id":1241,"date":"2024-02-29T14:00:57","date_gmt":"2024-02-29T13:00:57","guid":{"rendered":"https:\/\/www.sylvieverdi-communication.fr\/boutique\/?post_type=product&#038;p=1241"},"modified":"2024-04-10T14:32:31","modified_gmt":"2024-04-10T12:32:31","slug":"redaction-textes-seo","status":"publish","type":"product","link":"https:\/\/www.sylvieverdi-communication.fr\/boutique\/services\/redaction-textes-seo\/","title":{"rendered":"R\u00e9daction de Textes SEO"},"content":{"rendered":"<p>A partir de l&#8217;interview Client et des recherches th\u00e9matiques, la <strong>R\u00e9daction des textes<\/strong> par l&#8217;<strong>Expert SEO <\/strong> garantit \u00e0 votre site des textes originaux orient\u00e9s \u00ab&nbsp;People-first \u00bb. Des textes de qualit\u00e9 optimisent la visibilit\u00e9 de votre site internet dans les moteurs de recherches&#8230;<br \/>\n<p>En savoir plus ? Pour consulter ce contenu, merci de vous <a href=\"https:\/\/www.sylvieverdi-communication.fr\/boutique\/registration\/\">enregistrer<\/a> et recevez <strong>gratuitement<\/strong> le <em>\u00ab Guide de l'achat d'un site Web \u00bb<\/em>.<\/p><\/br><br \/>\n<img loading=\"lazy\" decoding=\"async\" src=\"https:\/\/www.sylvieverdi-communication.fr\/boutique\/wp-content\/uploads\/2024\/03\/textes-sans-ai-certifies-100-humains-1.jpg\" alt=\"textes-sans-ai-certifies-100%-humains\" width=\"138\" height=\"100\" class=\"alignnone size-full wp-image-1554\" \/><\/p>\n","protected":false},"excerpt":{"rendered":"<p>La <strong>R\u00e9daction des Textes SEO \u00ab expert \u00bb<\/strong> est l&#8217;\u00e9tape essentielle pour am\u00e9liorer la visibilit\u00e9 de votre site dans les moteurs de recherches. <br \/>\u00ab Content-first \u00bb : r\u00e9diger original, informatif et bien \u00e9crit. <\/br>Optimisez votre r\u00e9f\u00e9rencement avec des <strong>textes uniques et pertinents<\/strong>, orient\u00e9s SEO, pour un site <strong>\u00ab People-first \u00bb<\/strong>.<\/br><br \/>\n<img loading=\"lazy\" decoding=\"async\" src=\"https:\/\/www.sylvieverdi-communication.fr\/boutique\/wp-content\/uploads\/2024\/03\/textes-sans-ai-certifies-100-humains-1.jpg\" alt=\"textes-sans-ai-certifies-100%-humains\" width=\"138\" height=\"100\" class=\"alignnone size-full wp-image-1554\" \/><br \/>\n[membre] Sylvie Verdi r\u00e9dige des contenus \u00ab expert \u00bb pour le web au <strong>tarif de 0,95\u20ac TTC\/mot<\/strong> sur une base de 300 mots\/page pour \u00ab accrocher \u00bb les moteurs de recherches. <strong>Le tarif inclut l&#8217;interview Client <\/strong>, les recherches th\u00e9matiques et s\u00e9mantiques pour la <strong>cr\u00e9ation de textes \u00ab expert \u00bb<\/strong>, orient\u00e9s SEO &#038; Marketing. Les prix sont d\u00e9gressifs selon la quantit\u00e9 command\u00e9e. <strong>Textes 100% humains, sans AI<\/strong>.<\/br><br \/>\n<strong>Demander une estimation de prix <\/strong><br \/>\n[contact-form-7 id=\"0596e60\" title=\"Demande de prix Redaction Textes\"]<br \/>\n[\/membre] <\/p>\n","protected":false},"featured_media":1481,"template":"","meta":{"_kadence_starter_templates_imported_post":true,"_kad_post_transparent":"default","_kad_post_title":"","_kad_post_layout":"default","_kad_post_sidebar_id":"","_kad_post_content_style":"default","_kad_post_vertical_padding":"default","_kad_post_feature":"","_kad_post_feature_position":"","_kad_post_header":false,"_kad_post_footer":false,"_kad_post_classname":""},"product_brand":[],"product_cat":[33],"product_tag":[],"class_list":{"0":"post-1241","1":"product","2":"type-product","3":"status-publish","4":"has-post-thumbnail","6":"product_cat-referencement","8":"first","9":"instock","10":"virtual","11":"sold-individually","12":"product-type-simple","13":"entry","14":"content-bg","15":"loop-entry"},"yoast_head":"<!-- This site is optimized with the Yoast SEO plugin v27.2 - https:\/\/yoast.com\/product\/yoast-seo-wordpress\/ -->\n<title>R\u00e9daction de Textes SEO - Boutique Verdi Communication<\/title>\n<meta name=\"description\" content=\"La R\u00e9daction des textes par l&#039;Expert SEO garantit \u00e0 votre site des textes originaux orient\u00e9s \u00ab People-first \u00bb. Textes de qualit\u00e9 expert, 100% humains.\" \/>\n<meta name=\"robots\" content=\"index, follow, max-snippet:-1, max-image-preview:large, max-video-preview:-1\" \/>\n<link rel=\"canonical\" href=\"https:\/\/www.sylvieverdi-communication.fr\/boutique\/services\/redaction-textes-seo\/\" \/>\n<meta property=\"og:locale\" content=\"fr_FR\" \/>\n<meta property=\"og:type\" content=\"article\" \/>\n<meta property=\"og:title\" content=\"R\u00e9daction de Textes SEO - Boutique Verdi Communication\" \/>\n<meta property=\"og:description\" content=\"La R\u00e9daction des textes par l&#039;Expert SEO garantit \u00e0 votre site des textes originaux orient\u00e9s \u00ab People-first \u00bb. Textes de qualit\u00e9 expert, 100% humains.\" \/>\n<meta property=\"og:url\" content=\"https:\/\/www.sylvieverdi-communication.fr\/boutique\/services\/redaction-textes-seo\/\" \/>\n<meta property=\"og:site_name\" content=\"Boutique Verdi Communication\" \/>\n<meta property=\"article:publisher\" content=\"https:\/\/www.facebook.com\/sylvieverdicommunication\" \/>\n<meta property=\"article:modified_time\" content=\"2024-04-10T12:32:31+00:00\" \/>\n<meta property=\"og:image\" content=\"https:\/\/www.sylvieverdi-communication.fr\/boutique\/wp-content\/uploads\/2024\/03\/redaction-textes-seo.jpg\" \/>\n\t<meta property=\"og:image:width\" content=\"529\" \/>\n\t<meta property=\"og:image:height\" content=\"800\" \/>\n\t<meta property=\"og:image:type\" content=\"image\/jpeg\" \/>\n<meta name=\"twitter:card\" content=\"summary_large_image\" \/>\n<meta name=\"twitter:site\" content=\"@Sylvie_Verdi\" \/>\n<meta name=\"twitter:label1\" content=\"Dur\u00e9e de lecture estim\u00e9e\" \/>\n\t<meta name=\"twitter:data1\" content=\"1 minute\" \/>\n<script type=\"application\/ld+json\" class=\"yoast-schema-graph\">{\"@context\":\"https:\/\/schema.org\",\"@graph\":[{\"@type\":\"WebPage\",\"@id\":\"https:\/\/www.sylvieverdi-communication.fr\/boutique\/services\/redaction-textes-seo\/\",\"url\":\"https:\/\/www.sylvieverdi-communication.fr\/boutique\/services\/redaction-textes-seo\/\",\"name\":\"R\u00e9daction de Textes SEO - Boutique Verdi Communication\",\"isPartOf\":{\"@id\":\"https:\/\/www.sylvieverdi-communication.fr\/boutique\/#website\"},\"primaryImageOfPage\":{\"@id\":\"https:\/\/www.sylvieverdi-communication.fr\/boutique\/services\/redaction-textes-seo\/#primaryimage\"},\"image\":{\"@id\":\"https:\/\/www.sylvieverdi-communication.fr\/boutique\/services\/redaction-textes-seo\/#primaryimage\"},\"thumbnailUrl\":\"https:\/\/www.sylvieverdi-communication.fr\/boutique\/wp-content\/uploads\/2024\/03\/redaction-textes-seo.jpg\",\"datePublished\":\"2024-02-29T13:00:57+00:00\",\"dateModified\":\"2024-04-10T12:32:31+00:00\",\"description\":\"La R\u00e9daction des textes par l'Expert SEO garantit \u00e0 votre site des textes originaux orient\u00e9s \u00ab People-first \u00bb. Textes de qualit\u00e9 expert, 100% humains.\",\"breadcrumb\":{\"@id\":\"https:\/\/www.sylvieverdi-communication.fr\/boutique\/services\/redaction-textes-seo\/#breadcrumb\"},\"inLanguage\":\"fr-FR\",\"potentialAction\":[{\"@type\":\"ReadAction\",\"target\":[\"https:\/\/www.sylvieverdi-communication.fr\/boutique\/services\/redaction-textes-seo\/\"]}]},{\"@type\":\"ImageObject\",\"inLanguage\":\"fr-FR\",\"@id\":\"https:\/\/www.sylvieverdi-communication.fr\/boutique\/services\/redaction-textes-seo\/#primaryimage\",\"url\":\"https:\/\/www.sylvieverdi-communication.fr\/boutique\/wp-content\/uploads\/2024\/03\/redaction-textes-seo.jpg\",\"contentUrl\":\"https:\/\/www.sylvieverdi-communication.fr\/boutique\/wp-content\/uploads\/2024\/03\/redaction-textes-seo.jpg\",\"width\":529,\"height\":800,\"caption\":\"redaction-textes-seo\"},{\"@type\":\"BreadcrumbList\",\"@id\":\"https:\/\/www.sylvieverdi-communication.fr\/boutique\/services\/redaction-textes-seo\/#breadcrumb\",\"itemListElement\":[{\"@type\":\"ListItem\",\"position\":1,\"name\":\"Accueil\",\"item\":\"https:\/\/www.sylvieverdi-communication.fr\/boutique\/\"},{\"@type\":\"ListItem\",\"position\":2,\"name\":\"La Boutique Services\",\"item\":\"https:\/\/www.sylvieverdi-communication.fr\/boutique\/\"},{\"@type\":\"ListItem\",\"position\":3,\"name\":\"R\u00e9daction de Textes SEO\"}]},{\"@type\":\"WebSite\",\"@id\":\"https:\/\/www.sylvieverdi-communication.fr\/boutique\/#website\",\"url\":\"https:\/\/www.sylvieverdi-communication.fr\/boutique\/\",\"name\":\"Boutique Verdi Communication\",\"description\":\"Services Web 100% humains\",\"publisher\":{\"@id\":\"https:\/\/www.sylvieverdi-communication.fr\/boutique\/#organization\"},\"potentialAction\":[{\"@type\":\"SearchAction\",\"target\":{\"@type\":\"EntryPoint\",\"urlTemplate\":\"https:\/\/www.sylvieverdi-communication.fr\/boutique\/?s={search_term_string}\"},\"query-input\":{\"@type\":\"PropertyValueSpecification\",\"valueRequired\":true,\"valueName\":\"search_term_string\"}}],\"inLanguage\":\"fr-FR\"},{\"@type\":\"Organization\",\"@id\":\"https:\/\/www.sylvieverdi-communication.fr\/boutique\/#organization\",\"name\":\"Boutique Services Verdi Communication\",\"url\":\"https:\/\/www.sylvieverdi-communication.fr\/boutique\/\",\"logo\":{\"@type\":\"ImageObject\",\"inLanguage\":\"fr-FR\",\"@id\":\"https:\/\/www.sylvieverdi-communication.fr\/boutique\/#\/schema\/logo\/image\/\",\"url\":\"https:\/\/www.sylvieverdi-communication.fr\/boutique\/wp-content\/uploads\/2024\/02\/Logo-verdi-communication-noir-2.png\",\"contentUrl\":\"https:\/\/www.sylvieverdi-communication.fr\/boutique\/wp-content\/uploads\/2024\/02\/Logo-verdi-communication-noir-2.png\",\"width\":54,\"height\":60,\"caption\":\"Boutique Services Verdi Communication\"},\"image\":{\"@id\":\"https:\/\/www.sylvieverdi-communication.fr\/boutique\/#\/schema\/logo\/image\/\"},\"sameAs\":[\"https:\/\/www.facebook.com\/sylvieverdicommunication\",\"https:\/\/x.com\/Sylvie_Verdi\",\"https:\/\/www.linkedin.com\/in\/sylvieverdi\/\"]}]}<\/script>\n<!-- \/ Yoast SEO plugin. -->","yoast_head_json":{"title":"R\u00e9daction de Textes SEO - Boutique Verdi Communication","description":"La R\u00e9daction des textes par l'Expert SEO garantit \u00e0 votre site des textes originaux orient\u00e9s \u00ab People-first \u00bb. Textes de qualit\u00e9 expert, 100% humains.","robots":{"index":"index","follow":"follow","max-snippet":"max-snippet:-1","max-image-preview":"max-image-preview:large","max-video-preview":"max-video-preview:-1"},"canonical":"https:\/\/www.sylvieverdi-communication.fr\/boutique\/services\/redaction-textes-seo\/","og_locale":"fr_FR","og_type":"article","og_title":"R\u00e9daction de Textes SEO - Boutique Verdi Communication","og_description":"La R\u00e9daction des textes par l'Expert SEO garantit \u00e0 votre site des textes originaux orient\u00e9s \u00ab People-first \u00bb. Textes de qualit\u00e9 expert, 100% humains.","og_url":"https:\/\/www.sylvieverdi-communication.fr\/boutique\/services\/redaction-textes-seo\/","og_site_name":"Boutique Verdi Communication","article_publisher":"https:\/\/www.facebook.com\/sylvieverdicommunication","article_modified_time":"2024-04-10T12:32:31+00:00","og_image":[{"width":529,"height":800,"url":"https:\/\/www.sylvieverdi-communication.fr\/boutique\/wp-content\/uploads\/2024\/03\/redaction-textes-seo.jpg","type":"image\/jpeg"}],"twitter_card":"summary_large_image","twitter_site":"@Sylvie_Verdi","twitter_misc":{"Dur\u00e9e de lecture estim\u00e9e":"1 minute"},"schema":{"@context":"https:\/\/schema.org","@graph":[{"@type":"WebPage","@id":"https:\/\/www.sylvieverdi-communication.fr\/boutique\/services\/redaction-textes-seo\/","url":"https:\/\/www.sylvieverdi-communication.fr\/boutique\/services\/redaction-textes-seo\/","name":"R\u00e9daction de Textes SEO - Boutique Verdi Communication","isPartOf":{"@id":"https:\/\/www.sylvieverdi-communication.fr\/boutique\/#website"},"primaryImageOfPage":{"@id":"https:\/\/www.sylvieverdi-communication.fr\/boutique\/services\/redaction-textes-seo\/#primaryimage"},"image":{"@id":"https:\/\/www.sylvieverdi-communication.fr\/boutique\/services\/redaction-textes-seo\/#primaryimage"},"thumbnailUrl":"https:\/\/www.sylvieverdi-communication.fr\/boutique\/wp-content\/uploads\/2024\/03\/redaction-textes-seo.jpg","datePublished":"2024-02-29T13:00:57+00:00","dateModified":"2024-04-10T12:32:31+00:00","description":"La R\u00e9daction des textes par l'Expert SEO garantit \u00e0 votre site des textes originaux orient\u00e9s \u00ab People-first \u00bb. Textes de qualit\u00e9 expert, 100% humains.","breadcrumb":{"@id":"https:\/\/www.sylvieverdi-communication.fr\/boutique\/services\/redaction-textes-seo\/#breadcrumb"},"inLanguage":"fr-FR","potentialAction":[{"@type":"ReadAction","target":["https:\/\/www.sylvieverdi-communication.fr\/boutique\/services\/redaction-textes-seo\/"]}]},{"@type":"ImageObject","inLanguage":"fr-FR","@id":"https:\/\/www.sylvieverdi-communication.fr\/boutique\/services\/redaction-textes-seo\/#primaryimage","url":"https:\/\/www.sylvieverdi-communication.fr\/boutique\/wp-content\/uploads\/2024\/03\/redaction-textes-seo.jpg","contentUrl":"https:\/\/www.sylvieverdi-communication.fr\/boutique\/wp-content\/uploads\/2024\/03\/redaction-textes-seo.jpg","width":529,"height":800,"caption":"redaction-textes-seo"},{"@type":"BreadcrumbList","@id":"https:\/\/www.sylvieverdi-communication.fr\/boutique\/services\/redaction-textes-seo\/#breadcrumb","itemListElement":[{"@type":"ListItem","position":1,"name":"Accueil","item":"https:\/\/www.sylvieverdi-communication.fr\/boutique\/"},{"@type":"ListItem","position":2,"name":"La Boutique Services","item":"https:\/\/www.sylvieverdi-communication.fr\/boutique\/"},{"@type":"ListItem","position":3,"name":"R\u00e9daction de Textes SEO"}]},{"@type":"WebSite","@id":"https:\/\/www.sylvieverdi-communication.fr\/boutique\/#website","url":"https:\/\/www.sylvieverdi-communication.fr\/boutique\/","name":"Boutique Verdi Communication","description":"Services Web 100% humains","publisher":{"@id":"https:\/\/www.sylvieverdi-communication.fr\/boutique\/#organization"},"potentialAction":[{"@type":"SearchAction","target":{"@type":"EntryPoint","urlTemplate":"https:\/\/www.sylvieverdi-communication.fr\/boutique\/?s={search_term_string}"},"query-input":{"@type":"PropertyValueSpecification","valueRequired":true,"valueName":"search_term_string"}}],"inLanguage":"fr-FR"},{"@type":"Organization","@id":"https:\/\/www.sylvieverdi-communication.fr\/boutique\/#organization","name":"Boutique Services Verdi Communication","url":"https:\/\/www.sylvieverdi-communication.fr\/boutique\/","logo":{"@type":"ImageObject","inLanguage":"fr-FR","@id":"https:\/\/www.sylvieverdi-communication.fr\/boutique\/#\/schema\/logo\/image\/","url":"https:\/\/www.sylvieverdi-communication.fr\/boutique\/wp-content\/uploads\/2024\/02\/Logo-verdi-communication-noir-2.png","contentUrl":"https:\/\/www.sylvieverdi-communication.fr\/boutique\/wp-content\/uploads\/2024\/02\/Logo-verdi-communication-noir-2.png","width":54,"height":60,"caption":"Boutique Services Verdi Communication"},"image":{"@id":"https:\/\/www.sylvieverdi-communication.fr\/boutique\/#\/schema\/logo\/image\/"},"sameAs":["https:\/\/www.facebook.com\/sylvieverdicommunication","https:\/\/x.com\/Sylvie_Verdi","https:\/\/www.linkedin.com\/in\/sylvieverdi\/"]}]}},"_links":{"self":[{"href":"https:\/\/www.sylvieverdi-communication.fr\/boutique\/wp-json\/wp\/v2\/product\/1241","targetHints":{"allow":["GET"]}}],"collection":[{"href":"https:\/\/www.sylvieverdi-communication.fr\/boutique\/wp-json\/wp\/v2\/product"}],"about":[{"href":"https:\/\/www.sylvieverdi-communication.fr\/boutique\/wp-json\/wp\/v2\/types\/product"}],"wp:featuredmedia":[{"embeddable":true,"href":"https:\/\/www.sylvieverdi-communication.fr\/boutique\/wp-json\/wp\/v2\/media\/1481"}],"wp:attachment":[{"href":"https:\/\/www.sylvieverdi-communication.fr\/boutique\/wp-json\/wp\/v2\/media?parent=1241"}],"wp:term":[{"taxonomy":"product_brand","embeddable":true,"href":"https:\/\/www.sylvieverdi-communication.fr\/boutique\/wp-json\/wp\/v2\/product_brand?post=1241"},{"taxonomy":"product_cat","embeddable":true,"href":"https:\/\/www.sylvieverdi-communication.fr\/boutique\/wp-json\/wp\/v2\/product_cat?post=1241"},{"taxonomy":"product_tag","embeddable":true,"href":"https:\/\/www.sylvieverdi-communication.fr\/boutique\/wp-json\/wp\/v2\/product_tag?post=1241"}],"curies":[{"name":"wp","href":"https:\/\/api.w.org\/{rel}","templated":true}]}}