{"id":1371,"date":"2024-03-05T09:12:42","date_gmt":"2024-03-05T08:12:42","guid":{"rendered":"https:\/\/www.sylvieverdi-communication.fr\/boutique\/registration\/"},"modified":"2024-04-03T14:08:29","modified_gmt":"2024-04-03T12:08:29","slug":"registration","status":"publish","type":"page","link":"https:\/\/www.sylvieverdi-communication.fr\/boutique\/registration\/","title":{"rendered":"S&#8217;enregistrer"},"content":{"rendered":"<p><strong>S&#8217;enregistrer<\/strong> pour un <strong>Acc\u00e8s Priv\u00e9<\/strong> aux Tarifs et aux Avantages des Services.<br \/>\nA votre inscription, vous recevez en <strong>cadeau<\/strong> le\u00a0 <strong>\u00ab <em>Guide de l&#8217;achat d&#8217;un site Web\u00a0 <\/em>\u00bb<\/strong>.<br \/>\nD\u00e9j\u00e0 un compte ? <a href=\"https:\/\/www.sylvieverdi-communication.fr\/boutique\/mon-compte\/\">Se connecter<\/a>.<br \/>\n\t<div class='user-registration ur-frontend-form   ' id='user-registration-form-1363'>\n\t\t\t\t\t\t\t\t<form method='post' class='register' data-form-id=\"1363\"\n\t\t\t\tdata-enable-strength-password=\"1\" data-minimum-password-strength=\"3\"\n\t\t\t\t\t\t\t\t\t\t\t\t\t\t\t data-captcha-enabled=\"\">\n\n\t\t\t\t<div class=\"ur-form-row\" data-row-id=\"0\">\t\t\t\t\t\t\t<div class=\"ur-form-grid ur-grid-1\"\n\t\t\t\t\t\t\t\tstyle=\"width:48%\">\n\t\t\t\t\t\t\t\t\t\t\t\t\t\t\t\t<div  data-field-id=\"user_login\" class=\"ur-field-item field-user_login \" data-ref-id=\"user_login\" data-field-pattern-enabled=\"0\" data-field-pattern-value=\" \" data-field-pattern-message=\" \">\n\t\t\t\t\t\t\t\t\t\t<div class=\"form-row validate-required\" id=\"user_login_field\" data-priority=\"\" ><label for=\"user_login\" class=\"ur-label\">Votre Nom d'utilisateur \/ Identifiant <abbr class=\"required\" title=\"required\">*<\/abbr><\/label> <span class=\"input-wrapper\"> <input  data-rules=\"\" data-id=\"user_login\" type=\"text\" class=\"input-text   input-text ur-frontend-field  \" name=\"user_login\" id=\"user_login\" placeholder=\"\"  value=\"\" required=\"required\" data-label=\"Votre Nom d&#039;utilisateur \/ Identifiant\" data-username-character=\"1\"\/> <\/span> <\/div>\t\t\t\t\t\t\t\t\t<\/div>\n\t\t\t\t\t\t\t\t\t\t\t\t\t\t\t\t<\/div>\n\t\t\t\t\t\t\t\t\t\t\t\t\t\t<div class=\"ur-form-grid ur-grid-2\"\n\t\t\t\t\t\t\t\tstyle=\"width:48%\">\n\t\t\t\t\t\t\t\t\t\t\t\t\t\t\t\t<div  data-field-id=\"user_url\" class=\"ur-field-item field-user_url \" data-ref-id=\"user_url\" data-field-pattern-enabled=\"0\" data-field-pattern-value=\" \" data-field-pattern-message=\" \">\n\t\t\t\t\t\t\t\t\t\t<div class=\"form-row \" id=\"user_url_field\" data-priority=\"\" ><label for=\"user_url\" class=\"ur-label\">Votre site Internet<\/label> <span class=\"input-wrapper\"> <input  data-rules=\"\" data-id=\"user_url\" type=\"url\" class=\"input-text   input-url ur-frontend-field  \" name=\"user_url\" id=\"user_url\" placeholder=\"\"  value=\"\" data-label=\"Votre site Internet\" \/> <\/span> <\/div>\t\t\t\t\t\t\t\t\t<\/div>\n\t\t\t\t\t\t\t\t\t\t\t\t\t\t\t\t<\/div>\n\t\t\t\t\t\t\t\t\t\t\t\t\t<\/div>\n\t\t\t\t\t\t<div class=\"ur-form-row\" data-row-id=\"1\">\t\t\t\t\t\t\t<div class=\"ur-form-grid ur-grid-1\"\n\t\t\t\t\t\t\t\tstyle=\"width:48%\">\n\t\t\t\t\t\t\t\t\t\t\t\t\t\t\t\t<div  data-field-id=\"user_email\" class=\"ur-field-item field-user_email \" data-ref-id=\"user_email\" data-field-pattern-enabled=\"0\" data-field-pattern-value=\" \" data-field-pattern-message=\" \">\n\t\t\t\t\t\t\t\t\t\t<div class=\"form-row validate-required\" id=\"user_email_field\" data-priority=\"\" ><label for=\"user_email\" class=\"ur-label\">Votre Email <abbr class=\"required\" title=\"required\">*<\/abbr><\/label> <span class=\"input-wrapper\"> <input  data-rules=\"\" data-id=\"user_email\" type=\"email\" class=\"input-text   input-email ur-frontend-field  \" name=\"user_email\" id=\"user_email\" placeholder=\"\"  value=\"\" required=\"required\" data-label=\"Votre Email\" \/> <\/span> <\/div>\t\t\t\t\t\t\t\t\t<\/div>\n\t\t\t\t\t\t\t\t\t\t\t\t\t\t\t\t<\/div>\n\t\t\t\t\t\t\t\t\t\t\t\t\t\t<div class=\"ur-form-grid ur-grid-2\"\n\t\t\t\t\t\t\t\tstyle=\"width:48%\">\n\t\t\t\t\t\t\t\t\t\t\t\t\t\t\t\t<div  data-field-id=\"user_confirm_email\" class=\"ur-field-item field-user_confirm_email \" data-ref-id=\"user_confirm_email\" data-field-pattern-enabled=\"0\" data-field-pattern-value=\" \" data-field-pattern-message=\" \">\n\t\t\t\t\t\t\t\t\t\t<div class=\"form-row validate-required\" id=\"user_confirm_email_field\" data-priority=\"\" ><label for=\"user_confirm_email\" class=\"ur-label\">Confirmer votre Email <abbr class=\"required\" title=\"required\">*<\/abbr><\/label> <span class=\"input-wrapper\"> <input  data-rules=\"\" data-id=\"user_confirm_email\" type=\"email\" class=\"input-text   input-email ur-frontend-field  \" name=\"user_confirm_email\" id=\"user_confirm_email\" placeholder=\"\"  value=\"\" required=\"required\" data-label=\"Confirmer votre Email\" \/> <\/span> <\/div>\t\t\t\t\t\t\t\t\t<\/div>\n\t\t\t\t\t\t\t\t\t\t\t\t\t\t\t\t<\/div>\n\t\t\t\t\t\t\t\t\t\t\t\t\t<\/div>\n\t\t\t\t\t\t<div class=\"ur-form-row\" data-row-id=\"2\">\t\t\t\t\t\t\t<div class=\"ur-form-grid ur-grid-1\"\n\t\t\t\t\t\t\t\tstyle=\"width:48%\">\n\t\t\t\t\t\t\t\t\t\t\t\t\t\t\t\t<div  data-field-id=\"user_pass\" class=\"ur-field-item field-user_pass \" data-ref-id=\"user_pass\" data-field-pattern-enabled=\"0\" data-field-pattern-value=\" \" data-field-pattern-message=\" \">\n\t\t\t\t\t\t\t\t\t\t<div class=\"form-row validate-required hide_show_password\" id=\"user_pass_field\" data-priority=\"\"><label for=\"user_pass\" class=\"ur-label\">Votre Mot de passe <abbr class=\"required\" title=\"required\">*<\/abbr><\/label> <span class=\"input-wrapper\"> <span class=\"password-input-group input-form-field-icons\"><input data-rules=\"\" data-id=\"user_pass\" type=\"password\" class=\"input-text  input-password ur-frontend-field  \" name=\"user_pass\" id=\"user_pass\" placeholder=\"\"  value=\"\" required=\"required\" data-label=\"Votre Mot de passe\" \/><a href=\"javaScript:void(0)\" class=\"password_preview dashicons dashicons-hidden\" title=\" Show password \"><\/a><\/span> <\/span> <\/div>\t\t\t\t\t\t\t\t\t<\/div>\n\t\t\t\t\t\t\t\t\t\t\t\t\t\t\t\t<\/div>\n\t\t\t\t\t\t\t\t\t\t\t\t\t\t<div class=\"ur-form-grid ur-grid-2\"\n\t\t\t\t\t\t\t\tstyle=\"width:48%\">\n\t\t\t\t\t\t\t\t\t\t\t\t\t\t\t\t<div  data-field-id=\"user_confirm_password\" class=\"ur-field-item field-user_confirm_password \" data-ref-id=\"user_confirm_password\" data-field-pattern-enabled=\"0\" data-field-pattern-value=\" \" data-field-pattern-message=\" \">\n\t\t\t\t\t\t\t\t\t\t<div class=\"form-row validate-required hide_show_password\" id=\"user_confirm_password_field\" data-priority=\"\"><label for=\"user_confirm_password\" class=\"ur-label\">Confirmer le Mot de passe <abbr class=\"required\" title=\"required\">*<\/abbr><\/label> <span class=\"input-wrapper\"> <span class=\"password-input-group input-form-field-icons\"><input data-rules=\"\" data-id=\"user_confirm_password\" type=\"password\" class=\"input-text  input-password ur-frontend-field  \" name=\"user_confirm_password\" id=\"user_confirm_password\" placeholder=\"\"  value=\"\" required=\"required\" data-label=\"Confirmer le Mot de passe\" \/><a href=\"javaScript:void(0)\" class=\"password_preview dashicons dashicons-hidden\" title=\" Show password \"><\/a><\/span> <\/span> <\/div>\t\t\t\t\t\t\t\t\t<\/div>\n\t\t\t\t\t\t\t\t\t\t\t\t\t\t\t\t<\/div>\n\t\t\t\t\t\t\t\t\t\t\t\t\t<\/div>\n\t\t\t\t\t\t<div class=\"ur-form-row\" data-row-id=\"3\">\t\t\t\t\t\t\t<div class=\"ur-form-grid ur-grid-1\"\n\t\t\t\t\t\t\t\tstyle=\"width:48%\">\n\t\t\t\t\t\t\t\t\t\t\t\t\t\t<\/div>\n\t\t\t\t\t\t\t\t\t\t\t\t\t\t<div class=\"ur-form-grid ur-grid-2\"\n\t\t\t\t\t\t\t\tstyle=\"width:48%\">\n\t\t\t\t\t\t\t\t\t\t\t\t\t\t\t\t<div  data-field-id=\"privacy_policy_1709815200\" class=\"ur-field-item field-privacy_policy \" data-ref-id=\"privacy_policy_1709815200\" data-field-pattern-enabled=\"0\" data-field-pattern-value=\" \" data-field-pattern-message=\" \">\n\t\t\t\t\t\t\t\t\t\t<div class=\"form-row validate-required\" id=\"privacy_policy_1709815200_field\" data-priority=\"\" ><label class=\"ur-label checkbox\" required=\"required\" data-label=\"Politique de Confidentialit\u00e9\">\n\t\t\t\t\t\t\t<input data-rules=\"\" data-id=\"privacy_policy_1709815200\" required=\"required\" data-label=\"Politique de Confidentialit\u00e9\" data-value=\"\" type=\"checkbox\" class=\"input-checkbox ur-frontend-field \" name=\"privacy_policy_1709815200\" id=\"privacy_policy_1709815200\" value=\"1\"  \/> Politique de Confidentialit\u00e9 <abbr class=\"required\" title=\"required\">*<\/abbr><\/label><span class=\"description\">Vos donn\u00e9es personnelles seront utilis\u00e9es pour vous accompagner au cours de votre visite du site web, g\u00e9rer l\u2019acc\u00e8s \u00e0 votre compte et pour d\u2019autres raisons d\u00e9crites dans notre <a href='https:\/\/www.sylvieverdi-communication.fr\/politique-de-confidentialite\/'>Politique de Confidentialit\u00e9<\/a>.<\/span><\/div>\t\t\t\t\t\t\t\t\t<\/div>\n\t\t\t\t\t\t\t\t\t\t\t\t\t\t\t\t<\/div>\n\t\t\t\t\t\t\t\t\t\t\t\t\t<\/div>\n\t\t\t\t\t\t\t\t\t\t\t\t\t\t\t\t\t\t<div class=\"ur-button-container \" >\n\t\t\t\t\t\t\t\t\t\t\t\t\t\t<button type=\"submit\" class=\"btn button ur-submit-button \"  conditional_rules=\"&quot;&quot;\">\n\t\t\t\t\t\t\t\t<span><\/span>\n\t\t\t\t\t\t\t\tValider\t\t\t\t\t\t\t<\/button>\n\t\t\t\t\t\t\t\t\t\t\t\t\t\t\t\t\t\t\t\t<\/div>\n\t\t\t\t\t\t\n\t\t\t\t<div style=\"clear:both\"><\/div>\n\t\t\t\t\t\t\t\t<input type=\"hidden\" name=\"ur-registration-language\" value=\"fr-FR\"\/>\n\t\t\t\t<input type=\"hidden\" name=\"ur-user-form-id\" value=\"1363\"\/>\n\t\t\t\t<input type=\"hidden\" name=\"ur-redirect-url\" value=\"https:\/\/www.sylvieverdi-communication.fr\/boutique\/\"\/>\n\t\t\t\t<input type=\"hidden\" id=\"ur_frontend_form_nonce\" name=\"ur_frontend_form_nonce\" value=\"824f654f51\" \/>\n\t\t\t\t\n\t\t\t<\/form>\n\t\t\t\n\t\t<div style=\"clear:both\"><\/div>\n\t<\/div>\n\n<\/p>\n","protected":false},"excerpt":{"rendered":"<p>S&#8217;enregistrer pour un Acc\u00e8s Priv\u00e9 aux Tarifs et aux Avantages des Services. A votre inscription, vous recevez en cadeau le\u00a0 \u00ab Guide de l&#8217;achat d&#8217;un site Web\u00a0 \u00bb. D\u00e9j\u00e0 un compte ? Se connecter.<\/p>\n","protected":false},"author":1,"featured_media":0,"parent":0,"menu_order":0,"comment_status":"closed","ping_status":"closed","template":"","meta":{"_kadence_starter_templates_imported_post":false,"_kad_post_transparent":"","_kad_post_title":"","_kad_post_layout":"","_kad_post_sidebar_id":"","_kad_post_content_style":"","_kad_post_vertical_padding":"","_kad_post_feature":"","_kad_post_feature_position":"","_kad_post_header":false,"_kad_post_footer":false,"_kad_post_classname":"","footnotes":""},"class_list":["post-1371","page","type-page","status-publish","hentry"],"yoast_head":"<!-- This site is optimized with the Yoast SEO plugin v27.2 - https:\/\/yoast.com\/product\/yoast-seo-wordpress\/ -->\n<title>S&#039;enregistrer - Boutique Verdi Communication<\/title>\n<meta name=\"robots\" content=\"index, follow, max-snippet:-1, max-image-preview:large, max-video-preview:-1\" \/>\n<link rel=\"canonical\" href=\"https:\/\/www.sylvieverdi-communication.fr\/boutique\/registration\/\" \/>\n<meta property=\"og:locale\" content=\"fr_FR\" \/>\n<meta property=\"og:type\" content=\"article\" \/>\n<meta property=\"og:title\" content=\"S&#039;enregistrer - Boutique Verdi Communication\" \/>\n<meta property=\"og:description\" content=\"S&#8217;enregistrer pour un Acc\u00e8s Priv\u00e9 aux Tarifs et aux Avantages des Services. A votre inscription, vous recevez en cadeau le\u00a0 \u00ab Guide de l&#8217;achat d&#8217;un site Web\u00a0 \u00bb. D\u00e9j\u00e0 un compte ? Se connecter.\" \/>\n<meta property=\"og:url\" content=\"https:\/\/www.sylvieverdi-communication.fr\/boutique\/registration\/\" \/>\n<meta property=\"og:site_name\" content=\"Boutique Verdi Communication\" \/>\n<meta property=\"article:publisher\" content=\"https:\/\/www.facebook.com\/sylvieverdicommunication\" \/>\n<meta property=\"article:modified_time\" content=\"2024-04-03T12:08:29+00:00\" \/>\n<meta property=\"og:image\" content=\"https:\/\/www.sylvieverdi-communication.fr\/boutique\/wp-content\/uploads\/2024\/03\/maintenance-evolutive-wordpress.jpg\" \/>\n\t<meta property=\"og:image:width\" content=\"529\" \/>\n\t<meta property=\"og:image:height\" content=\"800\" \/>\n\t<meta property=\"og:image:type\" content=\"image\/jpeg\" \/>\n<meta name=\"twitter:card\" content=\"summary_large_image\" \/>\n<meta name=\"twitter:site\" content=\"@Sylvie_Verdi\" \/>\n<script type=\"application\/ld+json\" class=\"yoast-schema-graph\">{\"@context\":\"https:\/\/schema.org\",\"@graph\":[{\"@type\":\"WebPage\",\"@id\":\"https:\/\/www.sylvieverdi-communication.fr\/boutique\/registration\/\",\"url\":\"https:\/\/www.sylvieverdi-communication.fr\/boutique\/registration\/\",\"name\":\"S'enregistrer - Boutique Verdi Communication\",\"isPartOf\":{\"@id\":\"https:\/\/www.sylvieverdi-communication.fr\/boutique\/#website\"},\"datePublished\":\"2024-03-05T08:12:42+00:00\",\"dateModified\":\"2024-04-03T12:08:29+00:00\",\"breadcrumb\":{\"@id\":\"https:\/\/www.sylvieverdi-communication.fr\/boutique\/registration\/#breadcrumb\"},\"inLanguage\":\"fr-FR\",\"potentialAction\":[{\"@type\":\"ReadAction\",\"target\":[\"https:\/\/www.sylvieverdi-communication.fr\/boutique\/registration\/\"]}]},{\"@type\":\"BreadcrumbList\",\"@id\":\"https:\/\/www.sylvieverdi-communication.fr\/boutique\/registration\/#breadcrumb\",\"itemListElement\":[{\"@type\":\"ListItem\",\"position\":1,\"name\":\"Accueil\",\"item\":\"https:\/\/www.sylvieverdi-communication.fr\/boutique\/\"},{\"@type\":\"ListItem\",\"position\":2,\"name\":\"S&#8217;enregistrer\"}]},{\"@type\":\"WebSite\",\"@id\":\"https:\/\/www.sylvieverdi-communication.fr\/boutique\/#website\",\"url\":\"https:\/\/www.sylvieverdi-communication.fr\/boutique\/\",\"name\":\"Boutique Verdi Communication\",\"description\":\"Services Web 100% humains\",\"publisher\":{\"@id\":\"https:\/\/www.sylvieverdi-communication.fr\/boutique\/#organization\"},\"potentialAction\":[{\"@type\":\"SearchAction\",\"target\":{\"@type\":\"EntryPoint\",\"urlTemplate\":\"https:\/\/www.sylvieverdi-communication.fr\/boutique\/?s={search_term_string}\"},\"query-input\":{\"@type\":\"PropertyValueSpecification\",\"valueRequired\":true,\"valueName\":\"search_term_string\"}}],\"inLanguage\":\"fr-FR\"},{\"@type\":\"Organization\",\"@id\":\"https:\/\/www.sylvieverdi-communication.fr\/boutique\/#organization\",\"name\":\"Boutique Services Verdi Communication\",\"url\":\"https:\/\/www.sylvieverdi-communication.fr\/boutique\/\",\"logo\":{\"@type\":\"ImageObject\",\"inLanguage\":\"fr-FR\",\"@id\":\"https:\/\/www.sylvieverdi-communication.fr\/boutique\/#\/schema\/logo\/image\/\",\"url\":\"https:\/\/www.sylvieverdi-communication.fr\/boutique\/wp-content\/uploads\/2024\/02\/Logo-verdi-communication-noir-2.png\",\"contentUrl\":\"https:\/\/www.sylvieverdi-communication.fr\/boutique\/wp-content\/uploads\/2024\/02\/Logo-verdi-communication-noir-2.png\",\"width\":54,\"height\":60,\"caption\":\"Boutique Services Verdi Communication\"},\"image\":{\"@id\":\"https:\/\/www.sylvieverdi-communication.fr\/boutique\/#\/schema\/logo\/image\/\"},\"sameAs\":[\"https:\/\/www.facebook.com\/sylvieverdicommunication\",\"https:\/\/x.com\/Sylvie_Verdi\",\"https:\/\/www.linkedin.com\/in\/sylvieverdi\/\"]}]}<\/script>\n<!-- \/ Yoast SEO plugin. -->","yoast_head_json":{"title":"S'enregistrer - Boutique Verdi Communication","robots":{"index":"index","follow":"follow","max-snippet":"max-snippet:-1","max-image-preview":"max-image-preview:large","max-video-preview":"max-video-preview:-1"},"canonical":"https:\/\/www.sylvieverdi-communication.fr\/boutique\/registration\/","og_locale":"fr_FR","og_type":"article","og_title":"S'enregistrer - Boutique Verdi Communication","og_description":"S&#8217;enregistrer pour un Acc\u00e8s Priv\u00e9 aux Tarifs et aux Avantages des Services. A votre inscription, vous recevez en cadeau le\u00a0 \u00ab Guide de l&#8217;achat d&#8217;un site Web\u00a0 \u00bb. D\u00e9j\u00e0 un compte ? Se connecter.","og_url":"https:\/\/www.sylvieverdi-communication.fr\/boutique\/registration\/","og_site_name":"Boutique Verdi Communication","article_publisher":"https:\/\/www.facebook.com\/sylvieverdicommunication","article_modified_time":"2024-04-03T12:08:29+00:00","og_image":[{"width":529,"height":800,"url":"https:\/\/www.sylvieverdi-communication.fr\/boutique\/wp-content\/uploads\/2024\/03\/maintenance-evolutive-wordpress.jpg","type":"image\/jpeg"}],"twitter_card":"summary_large_image","twitter_site":"@Sylvie_Verdi","schema":{"@context":"https:\/\/schema.org","@graph":[{"@type":"WebPage","@id":"https:\/\/www.sylvieverdi-communication.fr\/boutique\/registration\/","url":"https:\/\/www.sylvieverdi-communication.fr\/boutique\/registration\/","name":"S'enregistrer - Boutique Verdi Communication","isPartOf":{"@id":"https:\/\/www.sylvieverdi-communication.fr\/boutique\/#website"},"datePublished":"2024-03-05T08:12:42+00:00","dateModified":"2024-04-03T12:08:29+00:00","breadcrumb":{"@id":"https:\/\/www.sylvieverdi-communication.fr\/boutique\/registration\/#breadcrumb"},"inLanguage":"fr-FR","potentialAction":[{"@type":"ReadAction","target":["https:\/\/www.sylvieverdi-communication.fr\/boutique\/registration\/"]}]},{"@type":"BreadcrumbList","@id":"https:\/\/www.sylvieverdi-communication.fr\/boutique\/registration\/#breadcrumb","itemListElement":[{"@type":"ListItem","position":1,"name":"Accueil","item":"https:\/\/www.sylvieverdi-communication.fr\/boutique\/"},{"@type":"ListItem","position":2,"name":"S&#8217;enregistrer"}]},{"@type":"WebSite","@id":"https:\/\/www.sylvieverdi-communication.fr\/boutique\/#website","url":"https:\/\/www.sylvieverdi-communication.fr\/boutique\/","name":"Boutique Verdi Communication","description":"Services Web 100% humains","publisher":{"@id":"https:\/\/www.sylvieverdi-communication.fr\/boutique\/#organization"},"potentialAction":[{"@type":"SearchAction","target":{"@type":"EntryPoint","urlTemplate":"https:\/\/www.sylvieverdi-communication.fr\/boutique\/?s={search_term_string}"},"query-input":{"@type":"PropertyValueSpecification","valueRequired":true,"valueName":"search_term_string"}}],"inLanguage":"fr-FR"},{"@type":"Organization","@id":"https:\/\/www.sylvieverdi-communication.fr\/boutique\/#organization","name":"Boutique Services Verdi Communication","url":"https:\/\/www.sylvieverdi-communication.fr\/boutique\/","logo":{"@type":"ImageObject","inLanguage":"fr-FR","@id":"https:\/\/www.sylvieverdi-communication.fr\/boutique\/#\/schema\/logo\/image\/","url":"https:\/\/www.sylvieverdi-communication.fr\/boutique\/wp-content\/uploads\/2024\/02\/Logo-verdi-communication-noir-2.png","contentUrl":"https:\/\/www.sylvieverdi-communication.fr\/boutique\/wp-content\/uploads\/2024\/02\/Logo-verdi-communication-noir-2.png","width":54,"height":60,"caption":"Boutique Services Verdi Communication"},"image":{"@id":"https:\/\/www.sylvieverdi-communication.fr\/boutique\/#\/schema\/logo\/image\/"},"sameAs":["https:\/\/www.facebook.com\/sylvieverdicommunication","https:\/\/x.com\/Sylvie_Verdi","https:\/\/www.linkedin.com\/in\/sylvieverdi\/"]}]}},"_links":{"self":[{"href":"https:\/\/www.sylvieverdi-communication.fr\/boutique\/wp-json\/wp\/v2\/pages\/1371","targetHints":{"allow":["GET"]}}],"collection":[{"href":"https:\/\/www.sylvieverdi-communication.fr\/boutique\/wp-json\/wp\/v2\/pages"}],"about":[{"href":"https:\/\/www.sylvieverdi-communication.fr\/boutique\/wp-json\/wp\/v2\/types\/page"}],"author":[{"embeddable":true,"href":"https:\/\/www.sylvieverdi-communication.fr\/boutique\/wp-json\/wp\/v2\/users\/1"}],"replies":[{"embeddable":true,"href":"https:\/\/www.sylvieverdi-communication.fr\/boutique\/wp-json\/wp\/v2\/comments?post=1371"}],"version-history":[{"count":0,"href":"https:\/\/www.sylvieverdi-communication.fr\/boutique\/wp-json\/wp\/v2\/pages\/1371\/revisions"}],"wp:attachment":[{"href":"https:\/\/www.sylvieverdi-communication.fr\/boutique\/wp-json\/wp\/v2\/media?parent=1371"}],"curies":[{"name":"wp","href":"https:\/\/api.w.org\/{rel}","templated":true}]}}